{"id":95,"date":"2017-05-08T21:14:40","date_gmt":"2017-05-08T21:14:40","guid":{"rendered":"http:\/\/www.skorupovo.sk\/?page_id=95"},"modified":"2017-08-09T20:05:07","modified_gmt":"2017-08-09T20:05:07","slug":"partneri-a-priatelia","status":"publish","type":"page","link":"https:\/\/www.skorupovo.sk\/index.php\/partneri-a-priatelia\/","title":{"rendered":"Partneri a priatelia"},"content":{"rendered":"<ul>\n<li>Chovate\u013esk\u00e1 stanica &#8222;<a href=\"http:\/\/www.cerneeso.cz\/\">\u010cern\u00e9 eso<\/a>&#8220; , Pavla Kv\u011bto\u0148ov\u00e1.\u00a0Borkovice 42,\u00a0Vesel\u00ed nad Lu\u017enic\u00ed. Chovate\u013eka na\u0161ej Rommy<\/li>\n<li>Peter \u00a0a Gabika August\u00ednovci a chovn\u00e1 stanica\u00a0Groenendaelov<a href=\"http:\/\/www.groenendael.sk\/\">\u00a0&#8220; Z Gemminho gruntu&#8220;<\/a>, Janova lehota.<\/li>\n<\/ul>\n","protected":false},"excerpt":{"rendered":"<p>Chovate\u013esk\u00e1 stanica &#8222;\u010cern\u00e9 eso&#8220; , Pavla Kv\u011bto\u0148ov\u00e1.\u00a0Borkovice 42,\u00a0Vesel\u00ed nad Lu\u017enic\u00ed. Chovate\u013eka na\u0161ej Rommy Peter \u00a0a Gabika August\u00ednovci a chovn\u00e1 stanica\u00a0Groenendaelov\u00a0&#8220; Z Gemminho gruntu&#8220;, Janova lehota.<\/p>\n","protected":false},"author":1,"featured_media":0,"parent":0,"menu_order":0,"comment_status":"closed","ping_status":"closed","template":"","meta":[],"_links":{"self":[{"href":"https:\/\/www.skorupovo.sk\/index.php\/wp-json\/wp\/v2\/pages\/95"}],"collection":[{"href":"https:\/\/www.skorupovo.sk\/index.php\/wp-json\/wp\/v2\/pages"}],"about":[{"href":"https:\/\/www.skorupovo.sk\/index.php\/wp-json\/wp\/v2\/types\/page"}],"author":[{"embeddable":true,"href":"https:\/\/www.skorupovo.sk\/index.php\/wp-json\/wp\/v2\/users\/1"}],"replies":[{"embeddable":true,"href":"https:\/\/www.skorupovo.sk\/index.php\/wp-json\/wp\/v2\/comments?post=95"}],"version-history":[{"count":6,"href":"https:\/\/www.skorupovo.sk\/index.php\/wp-json\/wp\/v2\/pages\/95\/revisions"}],"predecessor-version":[{"id":143,"href":"https:\/\/www.skorupovo.sk\/index.php\/wp-json\/wp\/v2\/pages\/95\/revisions\/143"}],"wp:attachment":[{"href":"https:\/\/www.skorupovo.sk\/index.php\/wp-json\/wp\/v2\/media?parent=95"}],"curies":[{"name":"wp","href":"https:\/\/api.w.org\/{rel}","templated":true}]}}