{"id":443,"date":"2025-04-06T18:45:20","date_gmt":"2025-04-06T18:45:20","guid":{"rendered":"https:\/\/www.skorupovo.sk\/?page_id=443"},"modified":"2025-12-28T15:42:29","modified_gmt":"2025-12-28T15:42:29","slug":"fajn-pes-vrh-c","status":"publish","type":"page","link":"https:\/\/www.skorupovo.sk\/index.php\/fajn-pes-vrh-c\/","title":{"rendered":"Fajn Pes vrh C"},"content":{"rendered":"\n<p>Matka: Aretha Fajn Pes &#8211; Frida<br>Otec: Windbourne Timeless &#8211; Barny<br>D\u00e1tum narodenia: 24.1.2025<\/p>\n\n\n\n<h2>Clementine<\/h2>\n\n\n\n<p>su\u010dka<\/p>\n\n\n\n<p>Dovalovo <\/p>\n\n\n\n<h2>Coraline<\/h2>\n\n\n\n<p>su\u010dka<\/p>\n\n\n\n<p>Diviaky nad Nitricou<\/p>\n\n\n\n<h2>Colette<\/h2>\n\n\n\n<div class=\"is-vertical is-layout-flex wp-container-1 wp-block-group\">\n<p>su\u010dka<\/p>\n\n\n\n<p>Topo\u013e\u010dianky<\/p>\n<\/div>\n\n\n\n<div class=\"is-nowrap is-layout-flex wp-container-2 wp-block-group\">\n<figure class=\"wp-block-image size-large is-resized\"><img decoding=\"async\" loading=\"lazy\" src=\"https:\/\/www.skorupovo.sk\/wp-content\/uploads\/2025\/04\/Colette1-1024x768.jpg\" alt=\"\" class=\"wp-image-470\" width=\"465\" height=\"349\" srcset=\"https:\/\/www.skorupovo.sk\/wp-content\/uploads\/2025\/04\/Colette1-1024x768.jpg 1024w, https:\/\/www.skorupovo.sk\/wp-content\/uploads\/2025\/04\/Colette1-300x225.jpg 300w, https:\/\/www.skorupovo.sk\/wp-content\/uploads\/2025\/04\/Colette1-768x576.jpg 768w, https:\/\/www.skorupovo.sk\/wp-content\/uploads\/2025\/04\/Colette1.jpg 1296w\" sizes=\"(max-width: 465px) 85vw, 465px\" \/><\/figure>\n\n\n\n<figure class=\"wp-block-image size-large is-resized\"><img decoding=\"async\" loading=\"lazy\" src=\"https:\/\/www.skorupovo.sk\/wp-content\/uploads\/2025\/04\/colette2-1024x768.png\" alt=\"\" class=\"wp-image-471\" width=\"463\" height=\"347\" srcset=\"https:\/\/www.skorupovo.sk\/wp-content\/uploads\/2025\/04\/colette2-1024x768.png 1024w, https:\/\/www.skorupovo.sk\/wp-content\/uploads\/2025\/04\/colette2-300x225.png 300w, https:\/\/www.skorupovo.sk\/wp-content\/uploads\/2025\/04\/colette2-768x576.png 768w, https:\/\/www.skorupovo.sk\/wp-content\/uploads\/2025\/04\/colette2.png 1440w\" sizes=\"(max-width: 463px) 85vw, 463px\" \/><\/figure>\n<\/div>\n","protected":false},"excerpt":{"rendered":"<p>Matka: Aretha Fajn Pes &#8211; FridaOtec: Windbourne Timeless &#8211; BarnyD\u00e1tum narodenia: 24.1.2025 Clementine su\u010dka Dovalovo Coraline su\u010dka Diviaky nad Nitricou Colette su\u010dka Topo\u013e\u010dianky<\/p>\n","protected":false},"author":1,"featured_media":0,"parent":0,"menu_order":0,"comment_status":"closed","ping_status":"closed","template":"","meta":[],"_links":{"self":[{"href":"https:\/\/www.skorupovo.sk\/index.php\/wp-json\/wp\/v2\/pages\/443"}],"collection":[{"href":"https:\/\/www.skorupovo.sk\/index.php\/wp-json\/wp\/v2\/pages"}],"about":[{"href":"https:\/\/www.skorupovo.sk\/index.php\/wp-json\/wp\/v2\/types\/page"}],"author":[{"embeddable":true,"href":"https:\/\/www.skorupovo.sk\/index.php\/wp-json\/wp\/v2\/users\/1"}],"replies":[{"embeddable":true,"href":"https:\/\/www.skorupovo.sk\/index.php\/wp-json\/wp\/v2\/comments?post=443"}],"version-history":[{"count":5,"href":"https:\/\/www.skorupovo.sk\/index.php\/wp-json\/wp\/v2\/pages\/443\/revisions"}],"predecessor-version":[{"id":523,"href":"https:\/\/www.skorupovo.sk\/index.php\/wp-json\/wp\/v2\/pages\/443\/revisions\/523"}],"wp:attachment":[{"href":"https:\/\/www.skorupovo.sk\/index.php\/wp-json\/wp\/v2\/media?parent=443"}],"curies":[{"name":"wp","href":"https:\/\/api.w.org\/{rel}","templated":true}]}}