{"id":425,"date":"2025-04-04T10:42:32","date_gmt":"2025-04-04T10:42:32","guid":{"rendered":"https:\/\/www.skorupovo.sk\/?page_id=425"},"modified":"2025-12-28T15:26:27","modified_gmt":"2025-12-28T15:26:27","slug":"zo-skorupova-vrh-d","status":"publish","type":"page","link":"https:\/\/www.skorupovo.sk\/index.php\/zo-skorupova-vrh-d\/","title":{"rendered":"zo \u0160korupova vrh &#8222;D&#8220;"},"content":{"rendered":"\n<p>Dva ps\u00edky, \u0161es\u0165 su\u010diek<\/p>\n\n\n\n<p>Matka: Greta z Heneberk<br>Otec: Rasty zo \u0160uchovho dvora<\/p>\n\n\n\n<p>naroden\u00e9 9.5.2022<\/p>\n\n\n\n<h2>Dali<\/h2>\n\n\n\n<p>Doh\u0148any ( ne\u010faleko P\u00fachova)<\/p>\n\n\n\n<p><a href=\"http:\/\/databazy.jazvecik.sk\/detail\/0\/985-dali_zo_lkorupova\/\">Chovn\u00fd pes<\/a><\/p>\n\n\n\n<div class=\"is-nowrap is-layout-flex wp-container-1 wp-block-group\">\n<figure class=\"wp-block-image size-large is-resized\"><img decoding=\"async\" loading=\"lazy\" src=\"https:\/\/www.skorupovo.sk\/wp-content\/uploads\/2025\/04\/DALI-1-1024x742.jpg\" alt=\"\" class=\"wp-image-456\" width=\"447\" height=\"323\" srcset=\"https:\/\/www.skorupovo.sk\/wp-content\/uploads\/2025\/04\/DALI-1-1024x742.jpg 1024w, https:\/\/www.skorupovo.sk\/wp-content\/uploads\/2025\/04\/DALI-1-300x217.jpg 300w, https:\/\/www.skorupovo.sk\/wp-content\/uploads\/2025\/04\/DALI-1-768x557.jpg 768w, https:\/\/www.skorupovo.sk\/wp-content\/uploads\/2025\/04\/DALI-1-1536x1113.jpg 1536w, https:\/\/www.skorupovo.sk\/wp-content\/uploads\/2025\/04\/DALI-1-2048x1485.jpg 2048w\" sizes=\"(max-width: 447px) 85vw, 447px\" \/><\/figure>\n\n\n\n<figure class=\"wp-block-image size-large is-resized\"><img decoding=\"async\" loading=\"lazy\" src=\"https:\/\/www.skorupovo.sk\/wp-content\/uploads\/2025\/04\/DALI-2-1024x768.jpg\" alt=\"\" class=\"wp-image-457\" width=\"426\" height=\"320\" srcset=\"https:\/\/www.skorupovo.sk\/wp-content\/uploads\/2025\/04\/DALI-2-1024x768.jpg 1024w, https:\/\/www.skorupovo.sk\/wp-content\/uploads\/2025\/04\/DALI-2-300x225.jpg 300w, https:\/\/www.skorupovo.sk\/wp-content\/uploads\/2025\/04\/DALI-2-768x576.jpg 768w, https:\/\/www.skorupovo.sk\/wp-content\/uploads\/2025\/04\/DALI-2-1536x1152.jpg 1536w, https:\/\/www.skorupovo.sk\/wp-content\/uploads\/2025\/04\/DALI-2-2048x1536.jpg 2048w\" sizes=\"(max-width: 426px) 85vw, 426px\" \/><\/figure>\n<\/div>\n\n\n\n<h2>Dante<\/h2>\n\n\n\n<p>Mi\u0161kolc HU<\/p>\n\n\n\n<p>Ps\u00edk je po\u013eovne veden\u00fd<\/p>\n\n\n\n<h2>Dada<\/h2>\n\n\n\n<p>Liptovsk\u00e1 Tepli\u010dka<\/p>\n\n\n\n<p>Su\u010dka je po\u013eovn\u00edcky veden\u00e1<br>BL<br>FSMP<\/p>\n\n\n\n<h2>Diana<\/h2>\n\n\n\n<p>Huty<\/p>\n\n\n\n<p>Su\u010dka je po\u013eovn\u00edcky veden\u00e1<br>SD 1.c<\/p>\n\n\n\n<figure class=\"wp-block-image size-large is-resized\"><img decoding=\"async\" loading=\"lazy\" src=\"https:\/\/www.skorupovo.sk\/wp-content\/uploads\/2025\/04\/Diana3-768x1024.jpg\" alt=\"\" class=\"wp-image-453\" width=\"519\" height=\"692\" srcset=\"https:\/\/www.skorupovo.sk\/wp-content\/uploads\/2025\/04\/Diana3-768x1024.jpg 768w, https:\/\/www.skorupovo.sk\/wp-content\/uploads\/2025\/04\/Diana3-225x300.jpg 225w, https:\/\/www.skorupovo.sk\/wp-content\/uploads\/2025\/04\/Diana3-1152x1536.jpg 1152w, https:\/\/www.skorupovo.sk\/wp-content\/uploads\/2025\/04\/Diana3.jpg 1200w\" sizes=\"(max-width: 519px) 85vw, 519px\" \/><\/figure>\n\n\n\n<h2>Dea<\/h2>\n\n\n\n<p>Brno CZ<\/p>\n\n\n\n<p>Rodinn\u00e1 su\u010dka<\/p>\n\n\n\n<h2>Dona<\/h2>\n\n\n\n<p>Malat\u00edny<\/p>\n\n\n\n<p>Su\u010dka je po\u013eovn\u00edcky veden\u00e1<\/p>\n\n\n\n<h2>Dora<\/h2>\n\n\n\n<p>Mi\u0161kolc HU<\/p>\n\n\n\n<p>Chovn\u00e1 suka<\/p>\n\n\n\n<p>Su\u010dka je po\u013eovn\u00edcky veden\u00e1<\/p>\n\n\n\n<h2>Dalia<\/h2>\n\n\n\n<p>Komjatn\u00e1<\/p>\n\n\n\n<p>Rodinn\u00e1 su\u010dka<\/p>\n","protected":false},"excerpt":{"rendered":"<p>Dva ps\u00edky, \u0161es\u0165 su\u010diek Matka: Greta z HeneberkOtec: Rasty zo \u0160uchovho dvora naroden\u00e9 9.5.2022 Dali Doh\u0148any ( ne\u010faleko P\u00fachova) Chovn\u00fd pes Dante Mi\u0161kolc HU Ps\u00edk je po\u013eovne veden\u00fd Dada Liptovsk\u00e1 Tepli\u010dka Su\u010dka je po\u013eovn\u00edcky veden\u00e1BLFSMP Diana Huty Su\u010dka je po\u013eovn\u00edcky veden\u00e1SD 1.c Dea Brno CZ Rodinn\u00e1 su\u010dka Dona Malat\u00edny Su\u010dka je po\u013eovn\u00edcky veden\u00e1 Dora Mi\u0161kolc &hellip; <a href=\"https:\/\/www.skorupovo.sk\/index.php\/zo-skorupova-vrh-d\/\" class=\"more-link\">Pokra\u010dova\u0165 v \u010d\u00edtan\u00ed<span class=\"screen-reader-text\"> &#8222;zo \u0160korupova vrh &#8222;D&#8220;&#8220;<\/span><\/a><\/p>\n","protected":false},"author":1,"featured_media":0,"parent":0,"menu_order":0,"comment_status":"closed","ping_status":"closed","template":"","meta":[],"_links":{"self":[{"href":"https:\/\/www.skorupovo.sk\/index.php\/wp-json\/wp\/v2\/pages\/425"}],"collection":[{"href":"https:\/\/www.skorupovo.sk\/index.php\/wp-json\/wp\/v2\/pages"}],"about":[{"href":"https:\/\/www.skorupovo.sk\/index.php\/wp-json\/wp\/v2\/types\/page"}],"author":[{"embeddable":true,"href":"https:\/\/www.skorupovo.sk\/index.php\/wp-json\/wp\/v2\/users\/1"}],"replies":[{"embeddable":true,"href":"https:\/\/www.skorupovo.sk\/index.php\/wp-json\/wp\/v2\/comments?post=425"}],"version-history":[{"count":10,"href":"https:\/\/www.skorupovo.sk\/index.php\/wp-json\/wp\/v2\/pages\/425\/revisions"}],"predecessor-version":[{"id":516,"href":"https:\/\/www.skorupovo.sk\/index.php\/wp-json\/wp\/v2\/pages\/425\/revisions\/516"}],"wp:attachment":[{"href":"https:\/\/www.skorupovo.sk\/index.php\/wp-json\/wp\/v2\/media?parent=425"}],"curies":[{"name":"wp","href":"https:\/\/api.w.org\/{rel}","templated":true}]}}