{"id":420,"date":"2025-04-04T10:32:48","date_gmt":"2025-04-04T10:32:48","guid":{"rendered":"https:\/\/www.skorupovo.sk\/?page_id=420"},"modified":"2025-12-28T15:28:02","modified_gmt":"2025-12-28T15:28:02","slug":"zo-skorupova-vrh-c","status":"publish","type":"page","link":"https:\/\/www.skorupovo.sk\/index.php\/zo-skorupova-vrh-c\/","title":{"rendered":"zo \u0160korupova vrh &#8222;C&#8220;"},"content":{"rendered":"\n<p>\u0160tyri su\u010dky<\/p>\n\n\n\n<p>Matka: Greta z Heneberk &#8211; Rita<br>Otec: Rasty zo \u0160uchovho dvora<\/p>\n\n\n\n<p>naroden\u00e9 13.6.2021<\/p>\n\n\n\n<h2>Carna<\/h2>\n\n\n\n<p>Bel\u00e1 Dulice<\/p>\n\n\n\n<p>Su\u010dka je po\u013eovne veden\u00e1<\/p>\n\n\n\n<h2>Cifra<\/h2>\n\n\n\n<p>C\u00edfer<\/p>\n\n\n\n<p><a href=\"http:\/\/databazy.jazvecik.sk\/detail\/0\/887-cifra_zo_lkorupova\/\">Chovn\u00e1 suka<\/a><\/p>\n\n\n\n<p><br>FSMP: 1.c \/116b<br>FSD: 1.c \/ 61b<br>LSMP 1.c \/ 205b<br>SD: 2.c \/ 139b<br>BL: 2.c \/h<\/p>\n\n\n\n<p>\u0160pVJ: V\/3<br><\/p>\n\n\n\n<figure class=\"wp-block-image size-large is-resized\"><img decoding=\"async\" loading=\"lazy\" src=\"https:\/\/www.skorupovo.sk\/wp-content\/uploads\/2025\/04\/cifra-768x1024.jpg\" alt=\"\" class=\"wp-image-435\" width=\"317\" height=\"422\" srcset=\"https:\/\/www.skorupovo.sk\/wp-content\/uploads\/2025\/04\/cifra-768x1024.jpg 768w, https:\/\/www.skorupovo.sk\/wp-content\/uploads\/2025\/04\/cifra-225x300.jpg 225w, https:\/\/www.skorupovo.sk\/wp-content\/uploads\/2025\/04\/cifra-1152x1536.jpg 1152w, https:\/\/www.skorupovo.sk\/wp-content\/uploads\/2025\/04\/cifra.jpg 1500w\" sizes=\"(max-width: 317px) 85vw, 317px\" \/><\/figure>\n\n\n\n<h2>Cila<\/h2>\n\n\n\n<p>Bratislava<\/p>\n\n\n\n<p>Rodinn\u00fd pes<\/p>\n\n\n\n<h2>Cula<\/h2>\n\n\n\n<p>Liptovsk\u00fd Mikul\u00e1\u0161<\/p>\n\n\n\n<p>Rodinn\u00fd pes<\/p>\n","protected":false},"excerpt":{"rendered":"<p>\u0160tyri su\u010dky Matka: Greta z Heneberk &#8211; RitaOtec: Rasty zo \u0160uchovho dvora naroden\u00e9 13.6.2021 Carna Bel\u00e1 Dulice Su\u010dka je po\u013eovne veden\u00e1 Cifra C\u00edfer Chovn\u00e1 suka FSMP: 1.c \/116bFSD: 1.c \/ 61bLSMP 1.c \/ 205bSD: 2.c \/ 139bBL: 2.c \/h \u0160pVJ: V\/3 Cila Bratislava Rodinn\u00fd pes Cula Liptovsk\u00fd Mikul\u00e1\u0161 Rodinn\u00fd pes<\/p>\n","protected":false},"author":1,"featured_media":0,"parent":0,"menu_order":0,"comment_status":"closed","ping_status":"closed","template":"","meta":[],"_links":{"self":[{"href":"https:\/\/www.skorupovo.sk\/index.php\/wp-json\/wp\/v2\/pages\/420"}],"collection":[{"href":"https:\/\/www.skorupovo.sk\/index.php\/wp-json\/wp\/v2\/pages"}],"about":[{"href":"https:\/\/www.skorupovo.sk\/index.php\/wp-json\/wp\/v2\/types\/page"}],"author":[{"embeddable":true,"href":"https:\/\/www.skorupovo.sk\/index.php\/wp-json\/wp\/v2\/users\/1"}],"replies":[{"embeddable":true,"href":"https:\/\/www.skorupovo.sk\/index.php\/wp-json\/wp\/v2\/comments?post=420"}],"version-history":[{"count":6,"href":"https:\/\/www.skorupovo.sk\/index.php\/wp-json\/wp\/v2\/pages\/420\/revisions"}],"predecessor-version":[{"id":517,"href":"https:\/\/www.skorupovo.sk\/index.php\/wp-json\/wp\/v2\/pages\/420\/revisions\/517"}],"wp:attachment":[{"href":"https:\/\/www.skorupovo.sk\/index.php\/wp-json\/wp\/v2\/media?parent=420"}],"curies":[{"name":"wp","href":"https:\/\/api.w.org\/{rel}","templated":true}]}}