{"id":380,"date":"2025-03-31T08:21:03","date_gmt":"2025-03-31T08:21:03","guid":{"rendered":"https:\/\/www.skorupovo.sk\/?page_id=380"},"modified":"2025-04-02T10:37:53","modified_gmt":"2025-04-02T10:37:53","slug":"coonhoundy","status":"publish","type":"page","link":"https:\/\/www.skorupovo.sk\/index.php\/coonhoundy\/","title":{"rendered":"Coonhoundy"},"content":{"rendered":"\n<p>Black and Tan Coonhound  FCI skupina 6 ( Farbiare, duri\u010da a pr\u00edbuzn\u00ed plemen\u00e1) podskupina vysokonoh\u00e9 duri\u010de &#8211;  \u010d\u00edslo \u0161tandardu 300<\/p>\n\n\n\n<figure class=\"wp-block-image size-full\"><img decoding=\"async\" loading=\"lazy\" width=\"379\" height=\"281\" src=\"http:\/\/www.skorupovo.sk\/wp-content\/uploads\/2022\/07\/IMG_0500-2.jpg\" alt=\"\" class=\"wp-image-306\" srcset=\"https:\/\/www.skorupovo.sk\/wp-content\/uploads\/2022\/07\/IMG_0500-2.jpg 379w, https:\/\/www.skorupovo.sk\/wp-content\/uploads\/2022\/07\/IMG_0500-2-300x222.jpg 300w\" sizes=\"(max-width: 379px) 85vw, 379px\" \/><figcaption class=\"wp-element-caption\">Aretha Fajn Pes <\/figcaption><\/figure>\n\n\n\n<p><strong>V\u00fdber zo \u0161tandardu FCI \u010d. 300 s plemena Black and Tan Coonhound.<\/strong> Tento pes je prim\u00e1rne pracovn\u00fd, ur\u010den\u00fd na stopovanie a vystavovanie koristi, najm\u00e4 medved\u00edkov \u010distotn\u00fdch, ale aj jele\u0148ov, medve\u010fov \u010di pum. Vyzna\u010duje sa silou, obratnos\u0165ou a vytrvalos\u0165ou, schopn\u00fd pracova\u0165 v n\u00e1ro\u010dn\u00fdch ter\u00e9noch a klimatick\u00fdch podmienkach. M\u00e1 vyrovnan\u00fa, priate\u013esk\u00fa povahu, je spolo\u010densk\u00fd a dobre spolupracuje s in\u00fdmi psami. Hlava je \u010disto modelovan\u00e1 s ov\u00e1lnou lebkou, stredn\u00fdm stopom a dobre vyvinut\u00fdmi pyskami. Nos je v\u017edy \u010dierny, o\u010di takmer okr\u00fahle, orie\u0161kovej a\u017e tmavohnedej farby, u\u0161i n\u00edzko nasaden\u00e9, dlh\u00e9 a visia v elegantn\u00fdch z\u00e1hyboch. Krk je svalnat\u00fd, stredne dlh\u00fd, bez nadmern\u00e9ho laloka. Telo m\u00e1 siln\u00fd, rovn\u00fd chrb\u00e1t, hlbok\u00fd hrudn\u00edk s dobre klenut\u00fdmi rebrami. Chvost je siln\u00fd, nasaden\u00fd mierne pod l\u00edniou chrbta, v akcii nesen\u00fd pribli\u017ene v pravom uhle k chrbtu. Kon\u010datiny s\u00fa rovn\u00e9, svalnat\u00e9, s kompaktn\u00fdmi, dobre klenut\u00fdmi prstami a siln\u00fdmi vank\u00fa\u0161ikmi. Pohyb je plynul\u00fd a elegantn\u00fd, s dostato\u010dn\u00fdm dosahom vpredu a z\u00e1berom vzadu, pri\u010dom pri zvy\u0161ovan\u00ed r\u00fdchlosti sa labky pribli\u017euj\u00fa k stredovej l\u00ednii. Celkov\u00fd dojem z tohto plemena je sila, obratnos\u0165 a ostra\u017eitos\u0165. Ihne\u010f na prv\u00fd poh\u013ead zaujme svojou schopnos\u0165ou prekon\u00e1va\u0165 ve\u013ek\u00e9 \u00fazemie siln\u00fdmi, rytmick\u00fdmi krokmi. Ako loveck\u00fd pes by mal vykazova\u0165 stredn\u00fa kostru a dobr\u00e9 svalov\u00fd tonus, pri\u010dom samce maj\u00fa robustnej\u0161iu kostru a v\u00fdraznej\u0161ie svalstvo ako samice. Pes m\u00e1 vyrovnan\u00fd temperament, je spolo\u010densk\u00fd a priate\u013esk\u00fd. Ako pracovn\u00fd stopovac\u00ed pes mus\u00ed by\u0165 schopn\u00fd pracova\u0165 v tesnom kontakte s in\u00fdmi psami. Niektor\u00ed jedinci m\u00f4\u017eu by\u0165 rezervovan\u00ed, ale nikdy nesm\u00fa p\u00f4sobi\u0165 bojazlivo alebo kruto. Agresivita vo\u010di \u013eu\u010fom \u010di in\u00fdm psom je neprijate\u013en\u00e1.<\/p>\n\n\n\n<p><a href=\"https:\/\/drive.google.com\/file\/d\/1NfxryLe5GQzCH10TuRQznpxhBXvc9tYH\/view?usp=sharing\" data-type=\"URL\" data-id=\"https:\/\/drive.google.com\/file\/d\/1NfxryLe5GQzCH10TuRQznpxhBXvc9tYH\/view?usp=sharing\" target=\"_blank\" rel=\"noreferrer noopener\">Standard FCI v angli\u010dtine<\/a><br><a href=\"https:\/\/docs.google.com\/document\/d\/1vDh6yDpLQt8cBM_kb6QY51uAxDKkb2s5\/edit?usp=sharing&amp;ouid=105517963039707177098&amp;rtpof=true&amp;sd=true\">Neofici\u00e1lny preklad \u0161tandardu na stiahnutie<\/a><\/p>\n","protected":false},"excerpt":{"rendered":"<p>Black and Tan Coonhound FCI skupina 6 ( Farbiare, duri\u010da a pr\u00edbuzn\u00ed plemen\u00e1) podskupina vysokonoh\u00e9 duri\u010de &#8211; \u010d\u00edslo \u0161tandardu 300 V\u00fdber zo \u0161tandardu FCI \u010d. 300 s plemena Black and Tan Coonhound. Tento pes je prim\u00e1rne pracovn\u00fd, ur\u010den\u00fd na stopovanie a vystavovanie koristi, najm\u00e4 medved\u00edkov \u010distotn\u00fdch, ale aj jele\u0148ov, medve\u010fov \u010di pum. Vyzna\u010duje sa silou, &hellip; <a href=\"https:\/\/www.skorupovo.sk\/index.php\/coonhoundy\/\" class=\"more-link\">Pokra\u010dova\u0165 v \u010d\u00edtan\u00ed<span class=\"screen-reader-text\"> &#8222;Coonhoundy&#8220;<\/span><\/a><\/p>\n","protected":false},"author":1,"featured_media":0,"parent":0,"menu_order":0,"comment_status":"closed","ping_status":"closed","template":"","meta":[],"_links":{"self":[{"href":"https:\/\/www.skorupovo.sk\/index.php\/wp-json\/wp\/v2\/pages\/380"}],"collection":[{"href":"https:\/\/www.skorupovo.sk\/index.php\/wp-json\/wp\/v2\/pages"}],"about":[{"href":"https:\/\/www.skorupovo.sk\/index.php\/wp-json\/wp\/v2\/types\/page"}],"author":[{"embeddable":true,"href":"https:\/\/www.skorupovo.sk\/index.php\/wp-json\/wp\/v2\/users\/1"}],"replies":[{"embeddable":true,"href":"https:\/\/www.skorupovo.sk\/index.php\/wp-json\/wp\/v2\/comments?post=380"}],"version-history":[{"count":4,"href":"https:\/\/www.skorupovo.sk\/index.php\/wp-json\/wp\/v2\/pages\/380\/revisions"}],"predecessor-version":[{"id":394,"href":"https:\/\/www.skorupovo.sk\/index.php\/wp-json\/wp\/v2\/pages\/380\/revisions\/394"}],"wp:attachment":[{"href":"https:\/\/www.skorupovo.sk\/index.php\/wp-json\/wp\/v2\/media?parent=380"}],"curies":[{"name":"wp","href":"https:\/\/api.w.org\/{rel}","templated":true}]}}