{"id":251,"date":"2021-07-08T08:00:12","date_gmt":"2021-07-08T08:00:12","guid":{"rendered":"http:\/\/www.skorupovo.sk\/?page_id=251"},"modified":"2025-04-04T10:43:07","modified_gmt":"2025-04-04T10:43:07","slug":"zo-skorupova-nazov-regiostrovaneho-chovu","status":"publish","type":"page","link":"https:\/\/www.skorupovo.sk\/index.php\/zo-skorupova-nazov-regiostrovaneho-chovu\/","title":{"rendered":"Zo \u0161korupova &#8211; N\u00e1zov registrovan\u00e9ho chovu"},"content":{"rendered":"\n<h2>Chov\u00e1me jazve\u010d\u00edky hrubosrst\u00e9<\/h2>\n\n\n\n<p>M\u00e1me chovn\u00fa su\u010dku jazve\u010d\u00edka hrubosrst\u00e9ho \u0161tandardn\u00e9ho, Ritu &#8211; Greta z HENEBERK<\/p>\n\n\n\n<h2><a href=\"https:\/\/www.skorupovo.sk\/index.php\/zo-skorupova-vrh-c\/\" data-type=\"page\" data-id=\"420\">Vrh &#8222;C&#8220;<\/a><\/h2>\n\n\n\n<p>Prv\u00fd vrh Rity 16.6.2021 \u0161tyri su\u010dky<\/p>\n\n\n\n<p>Dvojt\u00fd\u017ed\u0148ov\u00e9 su\u010dky<\/p>\n\n\n\n<div class=\"is-layout-flex wp-container-3 wp-block-columns\">\n<div class=\"is-layout-flow wp-block-column\" style=\"flex-basis:50%\">\n<figure class=\"wp-block-image size-large\"><img decoding=\"async\" loading=\"lazy\" width=\"1024\" height=\"456\" src=\"http:\/\/www.skorupovo.sk\/wp-content\/uploads\/2021\/06\/steniatka-24.6.2021-1024x456.jpg\" alt=\"\" class=\"wp-image-241\" srcset=\"https:\/\/www.skorupovo.sk\/wp-content\/uploads\/2021\/06\/steniatka-24.6.2021-1024x456.jpg 1024w, https:\/\/www.skorupovo.sk\/wp-content\/uploads\/2021\/06\/steniatka-24.6.2021-300x134.jpg 300w, https:\/\/www.skorupovo.sk\/wp-content\/uploads\/2021\/06\/steniatka-24.6.2021-768x342.jpg 768w, https:\/\/www.skorupovo.sk\/wp-content\/uploads\/2021\/06\/steniatka-24.6.2021-1536x684.jpg 1536w, https:\/\/www.skorupovo.sk\/wp-content\/uploads\/2021\/06\/steniatka-24.6.2021-2048x911.jpg 2048w\" sizes=\"(max-width: 709px) 85vw, (max-width: 909px) 67vw, (max-width: 1362px) 62vw, 840px\" \/><\/figure>\n<\/div>\n\n\n\n<div class=\"is-layout-flow wp-block-column\" style=\"flex-basis:50%\">\n<figure class=\"wp-block-image size-full\"><img decoding=\"async\" loading=\"lazy\" width=\"842\" height=\"596\" src=\"https:\/\/www.skorupovo.sk\/wp-content\/uploads\/2025\/03\/PP-Carna.jpg\" alt=\"\" class=\"wp-image-368\" srcset=\"https:\/\/www.skorupovo.sk\/wp-content\/uploads\/2025\/03\/PP-Carna.jpg 842w, https:\/\/www.skorupovo.sk\/wp-content\/uploads\/2025\/03\/PP-Carna-300x212.jpg 300w, https:\/\/www.skorupovo.sk\/wp-content\/uploads\/2025\/03\/PP-Carna-768x544.jpg 768w\" sizes=\"(max-width: 709px) 85vw, (max-width: 909px) 67vw, (max-width: 1362px) 62vw, 840px\" \/><\/figure>\n<\/div>\n<\/div>\n\n\n\n<h2><a href=\"https:\/\/www.skorupovo.sk\/index.php\/zo-skorupova-vrh-d\/\" data-type=\"page\" data-id=\"425\">Vrh &#8222;D&#8220;<\/a><\/h2>\n\n\n\n<p>9. m\u00e1ja 2022 vrhla Rita 2 ps\u00edkov a 6 su\u010diek.  Na fotografii 7 t\u00fd\u017ed\u0148ov\u00e9 \u0161teniatka<\/p>\n\n\n\n<figure class=\"is-layout-flex wp-block-gallery-4 wp-block-gallery has-nested-images columns-default is-cropped\">\n<figure class=\"wp-block-image size-full\"><img decoding=\"async\" loading=\"lazy\" width=\"2508\" height=\"1672\" data-id=\"325\"  src=\"https:\/\/www.skorupovo.sk\/wp-content\/uploads\/2022\/07\/stence-spolu2022-1.jpg\" alt=\"\" class=\"wp-image-325\" srcset=\"https:\/\/www.skorupovo.sk\/wp-content\/uploads\/2022\/07\/stence-spolu2022-1.jpg 2508w, https:\/\/www.skorupovo.sk\/wp-content\/uploads\/2022\/07\/stence-spolu2022-1-300x200.jpg 300w, https:\/\/www.skorupovo.sk\/wp-content\/uploads\/2022\/07\/stence-spolu2022-1-1024x683.jpg 1024w, https:\/\/www.skorupovo.sk\/wp-content\/uploads\/2022\/07\/stence-spolu2022-1-768x512.jpg 768w, https:\/\/www.skorupovo.sk\/wp-content\/uploads\/2022\/07\/stence-spolu2022-1-1536x1024.jpg 1536w, https:\/\/www.skorupovo.sk\/wp-content\/uploads\/2022\/07\/stence-spolu2022-1-2048x1365.jpg 2048w\" sizes=\"(max-width: 709px) 85vw, (max-width: 909px) 67vw, (max-width: 1362px) 62vw, 840px\" \/><\/figure>\n\n\n\n<figure class=\"wp-block-image size-large\"><img decoding=\"async\" loading=\"lazy\" width=\"1024\" height=\"722\" data-id=\"330\"  src=\"https:\/\/www.skorupovo.sk\/wp-content\/uploads\/2022\/07\/PP-D-zo-Skorupova-1-1024x722.jpg\" alt=\"\" class=\"wp-image-330\" srcset=\"https:\/\/www.skorupovo.sk\/wp-content\/uploads\/2022\/07\/PP-D-zo-Skorupova-1-1024x722.jpg 1024w, https:\/\/www.skorupovo.sk\/wp-content\/uploads\/2022\/07\/PP-D-zo-Skorupova-1-300x211.jpg 300w, https:\/\/www.skorupovo.sk\/wp-content\/uploads\/2022\/07\/PP-D-zo-Skorupova-1-768x541.jpg 768w, https:\/\/www.skorupovo.sk\/wp-content\/uploads\/2022\/07\/PP-D-zo-Skorupova-1.jpg 1169w\" sizes=\"(max-width: 709px) 85vw, (max-width: 909px) 67vw, (max-width: 1362px) 62vw, 840px\" \/><\/figure>\n<\/figure>\n","protected":false},"excerpt":{"rendered":"<p>Chov\u00e1me jazve\u010d\u00edky hrubosrst\u00e9 M\u00e1me chovn\u00fa su\u010dku jazve\u010d\u00edka hrubosrst\u00e9ho \u0161tandardn\u00e9ho, Ritu &#8211; Greta z HENEBERK Vrh &#8222;C&#8220; Prv\u00fd vrh Rity 16.6.2021 \u0161tyri su\u010dky Dvojt\u00fd\u017ed\u0148ov\u00e9 su\u010dky Vrh &#8222;D&#8220; 9. m\u00e1ja 2022 vrhla Rita 2 ps\u00edkov a 6 su\u010diek. Na fotografii 7 t\u00fd\u017ed\u0148ov\u00e9 \u0161teniatka<\/p>\n","protected":false},"author":1,"featured_media":0,"parent":0,"menu_order":0,"comment_status":"closed","ping_status":"closed","template":"","meta":[],"_links":{"self":[{"href":"https:\/\/www.skorupovo.sk\/index.php\/wp-json\/wp\/v2\/pages\/251"}],"collection":[{"href":"https:\/\/www.skorupovo.sk\/index.php\/wp-json\/wp\/v2\/pages"}],"about":[{"href":"https:\/\/www.skorupovo.sk\/index.php\/wp-json\/wp\/v2\/types\/page"}],"author":[{"embeddable":true,"href":"https:\/\/www.skorupovo.sk\/index.php\/wp-json\/wp\/v2\/users\/1"}],"replies":[{"embeddable":true,"href":"https:\/\/www.skorupovo.sk\/index.php\/wp-json\/wp\/v2\/comments?post=251"}],"version-history":[{"count":10,"href":"https:\/\/www.skorupovo.sk\/index.php\/wp-json\/wp\/v2\/pages\/251\/revisions"}],"predecessor-version":[{"id":441,"href":"https:\/\/www.skorupovo.sk\/index.php\/wp-json\/wp\/v2\/pages\/251\/revisions\/441"}],"wp:attachment":[{"href":"https:\/\/www.skorupovo.sk\/index.php\/wp-json\/wp\/v2\/media?parent=251"}],"curies":[{"name":"wp","href":"https:\/\/api.w.org\/{rel}","templated":true}]}}