{"id":214,"date":"2019-09-09T12:26:19","date_gmt":"2019-09-09T12:26:19","guid":{"rendered":"http:\/\/www.skorupovo.sk\/?page_id=214"},"modified":"2025-04-06T18:46:27","modified_gmt":"2025-04-06T18:46:27","slug":"fajn-pes","status":"publish","type":"page","link":"https:\/\/www.skorupovo.sk\/index.php\/fajn-pes\/","title":{"rendered":"Fajn Pes &#8211; registrovan\u00fd chov  FCI 32\/19"},"content":{"rendered":"\n<figure class=\"wp-block-image size-large\"><img decoding=\"async\" loading=\"lazy\" width=\"1024\" height=\"720\" src=\"https:\/\/www.skorupovo.sk\/wp-content\/uploads\/2025\/04\/ChNChS-Fajn-Pes1-1024x720.jpg\" alt=\"\" class=\"wp-image-437\" srcset=\"https:\/\/www.skorupovo.sk\/wp-content\/uploads\/2025\/04\/ChNChS-Fajn-Pes1-1024x720.jpg 1024w, https:\/\/www.skorupovo.sk\/wp-content\/uploads\/2025\/04\/ChNChS-Fajn-Pes1-300x211.jpg 300w, https:\/\/www.skorupovo.sk\/wp-content\/uploads\/2025\/04\/ChNChS-Fajn-Pes1-768x540.jpg 768w, https:\/\/www.skorupovo.sk\/wp-content\/uploads\/2025\/04\/ChNChS-Fajn-Pes1-1536x1080.jpg 1536w, https:\/\/www.skorupovo.sk\/wp-content\/uploads\/2025\/04\/ChNChS-Fajn-Pes1.jpg 1664w\" sizes=\"(max-width: 709px) 85vw, (max-width: 909px) 67vw, (max-width: 1362px) 62vw, 840px\" \/><\/figure>\n\n\n\n<h2>Chov\u00e1me plemeno Americk\u00fd Black and Tan Coonhound<\/h2>\n\n\n\n<p>Chovn\u00e9 su\u010dky:<br>Rommy &#8211;  Brie \u010cERN\u00c9 ESO  ( u\u017e neakt\u00edvna)<br>Frida &#8211; Aretha FAJN PES <\/p>\n\n\n\n<p>Chovn\u00fd pes:<br> Barny &#8211; WINDBOURNE TIMELESS. Dovoz z USA<\/p>\n\n\n\n<h2><a href=\"https:\/\/www.skorupovo.sk\/index.php\/fajn-pes-vrh-a\/\" data-type=\"page\" data-id=\"412\">Vrh &#8222;A&#8220;<\/a><\/h2>\n\n\n\n<p>Matka Rommy &#8211; Brie \u010cern\u00e9 Eso<br>Otec: Arow \u010cern\u00e9 Eso<\/p>\n\n\n\n<p>Prv\u00fd vrh \u0161teniatok od Rommy.  14.6.2019 . Dvan\u00e1s\u0165 ute\u0161en\u00fdch u\u0161iakov.   7 su\u010diek 5 ps\u00edkov. Nezvy\u010dajne vyrovnan\u00fd vrh.<\/p>\n\n\n\n<figure class=\"wp-block-image is-resized\"><img decoding=\"async\" loading=\"lazy\" src=\"http:\/\/www.skorupovo.sk\/wp-content\/uploads\/2019\/09\/IMG_3730-1024x683.jpg\" alt=\"\" class=\"wp-image-215\" width=\"512\" height=\"342\" srcset=\"https:\/\/www.skorupovo.sk\/wp-content\/uploads\/2019\/09\/IMG_3730-1024x683.jpg 1024w, https:\/\/www.skorupovo.sk\/wp-content\/uploads\/2019\/09\/IMG_3730-300x200.jpg 300w, https:\/\/www.skorupovo.sk\/wp-content\/uploads\/2019\/09\/IMG_3730-768x512.jpg 768w\" sizes=\"(max-width: 512px) 85vw, 512px\" \/><\/figure>\n\n\n\n<p> Niektor\u00e9 si zobrali nov\u00ed majitelia na mantrailing ( vyh\u013ead\u00e1vanie \u013eud\u00ed) a niektor\u00e9 na po\u013eova\u010dku.  <a href=\"https:\/\/photos.google.com\/u\/1\/share\/AF1QipOuDwkUvgU1_yq2kFfkOBRTW0KzvVLtbqeRTMOjBItsOJsTyjdPt23_6kFrjnq0zg\/photo\/AF1QipPMvj2j9wccAy7ZKpjnlo5Dw8uZLC92OWMLdVT0?key=ek9pd0VpM29NVzFfdm5kdGk0a1J3dFN3VVJzTTJ3\">Fotogal\u00e9ria<\/a><\/p>\n\n\n\n<p>\u010eal\u0161ie fotky a vide\u00e1 na <a href=\"https:\/\/www.facebook.com\/profile.php?id=100014079527430\">facebooku Lenka P\u00e1ri\u010dkov\u00e1<\/a><\/p>\n\n\n\n<h2><a href=\"https:\/\/www.skorupovo.sk\/index.php\/fajn-pes-vrh-b\/\" data-type=\"page\" data-id=\"370\">Vrh &#8222;B&#8220; <\/a><\/h2>\n\n\n\n<p>Matka Rommy &#8211; Brie \u010cern\u00e9 Eso <br>Otec Barny &#8211; Windbourne Timeless<\/p>\n\n\n\n<p>Rommy mala 9. m\u00e1ja 2022 dvoch ps\u00edkov a dve su\u010dky <\/p>\n\n\n\n<figure class=\"wp-block-image size-large is-resized\"><img decoding=\"async\" loading=\"lazy\" src=\"https:\/\/www.skorupovo.sk\/wp-content\/uploads\/2022\/07\/FP-1024x683.jpg\" alt=\"\" class=\"wp-image-334\" width=\"532\" height=\"355\" srcset=\"https:\/\/www.skorupovo.sk\/wp-content\/uploads\/2022\/07\/FP-1024x683.jpg 1024w, https:\/\/www.skorupovo.sk\/wp-content\/uploads\/2022\/07\/FP-300x200.jpg 300w, https:\/\/www.skorupovo.sk\/wp-content\/uploads\/2022\/07\/FP-768x512.jpg 768w, https:\/\/www.skorupovo.sk\/wp-content\/uploads\/2022\/07\/FP-1536x1024.jpg 1536w, https:\/\/www.skorupovo.sk\/wp-content\/uploads\/2022\/07\/FP-2048x1365.jpg 2048w\" sizes=\"(max-width: 532px) 85vw, 532px\" \/><\/figure>\n\n\n\n<h2><a href=\"https:\/\/www.skorupovo.sk\/index.php\/fajn-pes-vrh-c\/\" data-type=\"page\" data-id=\"443\">Vrh &#8222;C&#8220;<\/a><\/h2>\n\n\n\n<p>Matka: Frida &#8211; Aretha Fajn Pes<br>Otec Barny &#8211; Windbourne Timeless<\/p>\n\n\n\n<p>.Frida mala   24. janu\u00e1ra 2025 3 su\u010dky <\/p>\n\n\n\n<div class=\"is-content-justification-center is-nowrap is-layout-flex wp-container-1 wp-block-group\">\n<figure class=\"wp-block-image size-large is-resized\"><img decoding=\"async\" loading=\"lazy\" src=\"http:\/\/www.skorupovo.sk\/wp-content\/uploads\/2025\/04\/IMG_20250208_190813-1024x768.jpg\" alt=\"\" class=\"wp-image-396\" width=\"512\" height=\"384\" srcset=\"https:\/\/www.skorupovo.sk\/wp-content\/uploads\/2025\/04\/IMG_20250208_190813-1024x768.jpg 1024w, https:\/\/www.skorupovo.sk\/wp-content\/uploads\/2025\/04\/IMG_20250208_190813-300x225.jpg 300w, https:\/\/www.skorupovo.sk\/wp-content\/uploads\/2025\/04\/IMG_20250208_190813-768x576.jpg 768w, https:\/\/www.skorupovo.sk\/wp-content\/uploads\/2025\/04\/IMG_20250208_190813-1536x1152.jpg 1536w, https:\/\/www.skorupovo.sk\/wp-content\/uploads\/2025\/04\/IMG_20250208_190813-2048x1536.jpg 2048w\" sizes=\"(max-width: 512px) 85vw, 512px\" \/><\/figure>\n\n\n\n<figure class=\"wp-block-image size-large is-resized\"><img decoding=\"async\" loading=\"lazy\" src=\"https:\/\/www.skorupovo.sk\/wp-content\/uploads\/2025\/04\/IMG_20250202_105737-1024x768.jpg\" alt=\"\" class=\"wp-image-397\" width=\"512\" height=\"384\" srcset=\"https:\/\/www.skorupovo.sk\/wp-content\/uploads\/2025\/04\/IMG_20250202_105737-1024x768.jpg 1024w, https:\/\/www.skorupovo.sk\/wp-content\/uploads\/2025\/04\/IMG_20250202_105737-300x225.jpg 300w, https:\/\/www.skorupovo.sk\/wp-content\/uploads\/2025\/04\/IMG_20250202_105737-768x576.jpg 768w, https:\/\/www.skorupovo.sk\/wp-content\/uploads\/2025\/04\/IMG_20250202_105737-1536x1152.jpg 1536w, https:\/\/www.skorupovo.sk\/wp-content\/uploads\/2025\/04\/IMG_20250202_105737-2048x1536.jpg 2048w\" sizes=\"(max-width: 512px) 85vw, 512px\" \/><\/figure>\n<\/div>\n","protected":false},"excerpt":{"rendered":"<p>Chov\u00e1me plemeno Americk\u00fd Black and Tan Coonhound Chovn\u00e9 su\u010dky:Rommy &#8211; Brie \u010cERN\u00c9 ESO ( u\u017e neakt\u00edvna)Frida &#8211; Aretha FAJN PES Chovn\u00fd pes: Barny &#8211; WINDBOURNE TIMELESS. Dovoz z USA Vrh &#8222;A&#8220; Matka Rommy &#8211; Brie \u010cern\u00e9 EsoOtec: Arow \u010cern\u00e9 Eso Prv\u00fd vrh \u0161teniatok od Rommy. 14.6.2019 . Dvan\u00e1s\u0165 ute\u0161en\u00fdch u\u0161iakov. 7 su\u010diek 5 ps\u00edkov. Nezvy\u010dajne &hellip; <a href=\"https:\/\/www.skorupovo.sk\/index.php\/fajn-pes\/\" class=\"more-link\">Pokra\u010dova\u0165 v \u010d\u00edtan\u00ed<span class=\"screen-reader-text\"> &#8222;Fajn Pes &#8211; registrovan\u00fd chov  FCI 32\/19&#8220;<\/span><\/a><\/p>\n","protected":false},"author":1,"featured_media":0,"parent":0,"menu_order":0,"comment_status":"closed","ping_status":"closed","template":"","meta":[],"_links":{"self":[{"href":"https:\/\/www.skorupovo.sk\/index.php\/wp-json\/wp\/v2\/pages\/214"}],"collection":[{"href":"https:\/\/www.skorupovo.sk\/index.php\/wp-json\/wp\/v2\/pages"}],"about":[{"href":"https:\/\/www.skorupovo.sk\/index.php\/wp-json\/wp\/v2\/types\/page"}],"author":[{"embeddable":true,"href":"https:\/\/www.skorupovo.sk\/index.php\/wp-json\/wp\/v2\/users\/1"}],"replies":[{"embeddable":true,"href":"https:\/\/www.skorupovo.sk\/index.php\/wp-json\/wp\/v2\/comments?post=214"}],"version-history":[{"count":19,"href":"https:\/\/www.skorupovo.sk\/index.php\/wp-json\/wp\/v2\/pages\/214\/revisions"}],"predecessor-version":[{"id":446,"href":"https:\/\/www.skorupovo.sk\/index.php\/wp-json\/wp\/v2\/pages\/214\/revisions\/446"}],"wp:attachment":[{"href":"https:\/\/www.skorupovo.sk\/index.php\/wp-json\/wp\/v2\/media?parent=214"}],"curies":[{"name":"wp","href":"https:\/\/api.w.org\/{rel}","templated":true}]}}