{"id":164,"date":"2018-07-14T11:08:12","date_gmt":"2018-07-14T11:08:12","guid":{"rendered":"http:\/\/www.skorupovo.sk\/?page_id=164"},"modified":"2018-07-17T07:13:14","modified_gmt":"2018-07-17T07:13:14","slug":"aktuality","status":"publish","type":"page","link":"https:\/\/www.skorupovo.sk\/index.php\/aktuality\/","title":{"rendered":"Aktuality"},"content":{"rendered":"<h1>Po\u010dasie<\/h1>\n<p><a href=\"https:\/\/pocasie.aktuality.sk\/liptovsky-mikulas\/\">Predpove\u010f na AKTUALITY.SK<\/a><\/p>\n<p><a href=\"https:\/\/www.pocasie.sk\/slovensko\/liptovsky-mikulas\/\">Predpove\u010f na PO\u010cASIE.SK<\/a><\/p>\n<p><a href=\"https:\/\/freemeteo.sk\/pocasie\/liptovsky-mikulas\/hodinova-predpoved\/dnes\/?gid=3059050&amp;language=slovak&amp;country=slovakia\">Predpove\u010f na FREEMETEO.SK<\/a><\/p>\n<p><a href=\"https:\/\/pocasie.sme.sk\/krajina\/slovensko\/liptovsky-mikulas\">Predpove\u010f na PO\u010cASIE.SME.SK<\/a><\/p>\n<p><a href=\"https:\/\/www.meteoblue.com\/sk\/po%C4%8Dasie\/predpove%C4%8F\/t%C3%BD%C5%BEde%C5%88\/liptovsk%C3%BD-mikul%C3%A1%C5%A1_slovensk%C3%A1-republika_3059050\">Predpove\u010f na METEOBLUE.SK<\/a><\/p>\n<p><a href=\"https:\/\/yrno.sk\/pocasie\/Zilinsky\/Liptovsky-Mikulas\/dlhodoba-predpoved\/\">N\u00f3rska predpove\u010f pre Liptovsk\u00fd Mikul\u00e1\u0161<\/a><\/p>\n<h1>\u017div\u00e9 kamery<\/h1>\n<p><a href=\"http:\/\/www.kukaj.sk\/\">KUKAJ.SK<\/a><\/p>\n<p>Aquapark <a href=\"http:\/\/www.zivekamery.sk\/webkamera-live\/210-aquapark-tatralandia\">Tatralandia panor\u00e1ma<\/a>,\u00a0 <a href=\"http:\/\/www.zivekamery.sk\/webkamera-live\/213-aquapark-tatralandia-ii\">Tatralandia baz\u00e9n<\/a><\/p>\n<p><a href=\"http:\/\/www.zivekamery.sk\/webkamera-live\/252-opalisko-zavazna-poruba\">Opalisko Zav\u00e1\u017ena Poruba- poh\u013ead na Nicov\u00f4<\/a><\/p>\n<p>Jasn\u00e1: <a href=\"http:\/\/www.zivekamery.sk\/webkamera-live\/217-priehyba-panorama\">Priehyba &#8211; panor\u00e1ma<\/a>,\u00a0 <a href=\"http:\/\/www.zivekamery.sk\/webkamera-live\/226-zahradky-panorama\">Z\u00e1hradky &#8211; panor\u00e1ma<\/a>,\u00a0 <a href=\"http:\/\/www.zivekamery.sk\/webkamera-live\/214-chopok-vychod\">Chopok &#8211; v\u00fdchod<\/a>, <a href=\"http:\/\/www.zivekamery.sk\/webkamera-live\/215-chopok-zapad\">Chopok- z\u00e1pad<\/a>,<\/p>\n","protected":false},"excerpt":{"rendered":"<p>Po\u010dasie Predpove\u010f na AKTUALITY.SK Predpove\u010f na PO\u010cASIE.SK Predpove\u010f na FREEMETEO.SK Predpove\u010f na PO\u010cASIE.SME.SK Predpove\u010f na METEOBLUE.SK N\u00f3rska predpove\u010f pre Liptovsk\u00fd Mikul\u00e1\u0161 \u017div\u00e9 kamery KUKAJ.SK Aquapark Tatralandia panor\u00e1ma,\u00a0 Tatralandia baz\u00e9n Opalisko Zav\u00e1\u017ena Poruba- poh\u013ead na Nicov\u00f4 Jasn\u00e1: Priehyba &#8211; panor\u00e1ma,\u00a0 Z\u00e1hradky &#8211; panor\u00e1ma,\u00a0 Chopok &#8211; v\u00fdchod, Chopok- z\u00e1pad,<\/p>\n","protected":false},"author":1,"featured_media":0,"parent":0,"menu_order":0,"comment_status":"closed","ping_status":"closed","template":"","meta":[],"_links":{"self":[{"href":"https:\/\/www.skorupovo.sk\/index.php\/wp-json\/wp\/v2\/pages\/164"}],"collection":[{"href":"https:\/\/www.skorupovo.sk\/index.php\/wp-json\/wp\/v2\/pages"}],"about":[{"href":"https:\/\/www.skorupovo.sk\/index.php\/wp-json\/wp\/v2\/types\/page"}],"author":[{"embeddable":true,"href":"https:\/\/www.skorupovo.sk\/index.php\/wp-json\/wp\/v2\/users\/1"}],"replies":[{"embeddable":true,"href":"https:\/\/www.skorupovo.sk\/index.php\/wp-json\/wp\/v2\/comments?post=164"}],"version-history":[{"count":8,"href":"https:\/\/www.skorupovo.sk\/index.php\/wp-json\/wp\/v2\/pages\/164\/revisions"}],"predecessor-version":[{"id":174,"href":"https:\/\/www.skorupovo.sk\/index.php\/wp-json\/wp\/v2\/pages\/164\/revisions\/174"}],"wp:attachment":[{"href":"https:\/\/www.skorupovo.sk\/index.php\/wp-json\/wp\/v2\/media?parent=164"}],"curies":[{"name":"wp","href":"https:\/\/api.w.org\/{rel}","templated":true}]}}