{"id":116,"date":"2017-07-27T06:01:11","date_gmt":"2017-07-27T06:01:11","guid":{"rendered":"http:\/\/www.skorupovo.sk\/?page_id=116"},"modified":"2017-08-07T19:51:45","modified_gmt":"2017-08-07T19:51:45","slug":"cestovanie","status":"publish","type":"page","link":"https:\/\/www.skorupovo.sk\/index.php\/cestovanie\/","title":{"rendered":"Cestovanie"},"content":{"rendered":"<p>Nav\u0161t\u00edven\u00e9 miesta<br \/>\n<iframe loading=\"lazy\" src=\"https:\/\/www.google.com\/maps\/d\/u\/0\/embed?mid=1v4yAJ_CFJazDVh9HqkmKiIhyIiU\" width=\"640\" height=\"480\"><\/iframe><\/p>\n<p><a href=\"http:\/\/www.skorupovo.sk\/index.php\/dovolenka-2017\/\">Dovolenka 2017<\/a><\/p>\n","protected":false},"excerpt":{"rendered":"<p>Nav\u0161t\u00edven\u00e9 miesta Dovolenka 2017<\/p>\n","protected":false},"author":1,"featured_media":0,"parent":0,"menu_order":0,"comment_status":"closed","ping_status":"closed","template":"","meta":[],"_links":{"self":[{"href":"https:\/\/www.skorupovo.sk\/index.php\/wp-json\/wp\/v2\/pages\/116"}],"collection":[{"href":"https:\/\/www.skorupovo.sk\/index.php\/wp-json\/wp\/v2\/pages"}],"about":[{"href":"https:\/\/www.skorupovo.sk\/index.php\/wp-json\/wp\/v2\/types\/page"}],"author":[{"embeddable":true,"href":"https:\/\/www.skorupovo.sk\/index.php\/wp-json\/wp\/v2\/users\/1"}],"replies":[{"embeddable":true,"href":"https:\/\/www.skorupovo.sk\/index.php\/wp-json\/wp\/v2\/comments?post=116"}],"version-history":[{"count":2,"href":"https:\/\/www.skorupovo.sk\/index.php\/wp-json\/wp\/v2\/pages\/116\/revisions"}],"predecessor-version":[{"id":137,"href":"https:\/\/www.skorupovo.sk\/index.php\/wp-json\/wp\/v2\/pages\/116\/revisions\/137"}],"wp:attachment":[{"href":"https:\/\/www.skorupovo.sk\/index.php\/wp-json\/wp\/v2\/media?parent=116"}],"curies":[{"name":"wp","href":"https:\/\/api.w.org\/{rel}","templated":true}]}}